{"id":1,"date":"2024-03-11T20:36:31","date_gmt":"2024-03-11T20:36:31","guid":{"rendered":"http:\/\/tec-networks.com\/?page_id=1"},"modified":"2025-02-15T13:33:02","modified_gmt":"2025-02-15T12:33:02","slug":"ueber","status":"publish","type":"page","link":"https:\/\/tec-networks.xyz\/en\/about\/","title":{"rendered":"About us"},"content":{"rendered":"<div>\u00dcber uns<\/div>\n<h1><strong>Euer Lieblings-IT-Dienstleister. Sag einfach &#8216;Moin&#8217; zu Tec Networks!<\/strong><\/h1>\n<div>\n<p>Egal, ob wir mit euch an ma\u00dfgeschneiderten Cloud-L\u00f6sungen, cleveren Strategien oder IT-Security arbeiten \u2013 bei uns dreht sich alles um das, was wirklich z\u00e4hlt: Menschen, Zusammenarbeit und L\u00f6sungen, die den Unterschied machen. Ja, wir sind Tech-Nerds, die sich gerne in Codes, Clouds und Konzepten verlieren \u2013 aber nicht zum Selbstzweck. Unser Ziel ist es immer, die Technologie so einzusetzen, dass sie euren Job verbessert.<\/p>\n<p><strong>Was uns antreibt, seid ihr \u2013 eure Ziele, eure Visionen, euer Erfolg.<\/strong> <br \/>Wir sorgen daf\u00fcr, dass eure IT nicht einfach \u201el\u00e4uft\u201c, sondern den Turbo f\u00fcr eure Gesch\u00e4ftsziele z\u00fcndet. Keine Sackgassen, keine Fehlinvestitionen, keine schlaflosen N\u00e4chte \u2013 daf\u00fcr aber klare Strategien, smarte L\u00f6sungen und ein Team, das euch den R\u00fccken freih\u00e4lt.<\/p>\n<\/div>\n<div>\n<p><strong>Bei uns wird nicht f\u00fcr, sondern immer mit unseren Kunden gearbeitet.<\/strong> <br \/>Ein starkes Netzwerk, gemeinsames Brainstorming und der Mut, neue Wege zu gehen, geh\u00f6ren zu unserem Alltag. Und hoffentlich auch bald zu eurem.<\/p>\n<p><strong>Wir glauben an Zusammenarbeit auf Augenh\u00f6he.<\/strong> <br \/>Ob im Team oder mit unseren Kunden \u2013 wir sitzen alle im selben Boot, das wir gemeinsam steuern. Und mal ehrlich, mit einem Companion an eurer Seite macht jede Reise einfach mehr Spa\u00df.<br \/>?<\/p>\n<\/div>\n<div>\u00dcber uns<\/div>\n<h1>Lasst uns IT machen, die euer Business nach vorne bringt!<br \/>Unsere Leistungen f\u00fcr euch.<\/h1>\n<ul>\n<li>\n<p>\n        <a href=\"\/companion\/\">Companion &#8211; IT meets Business<\/a>\n    <\/p>\n<\/li>\n<li>\n<p>\n        <a href=\"\/work-and-ai\/\">Hybrid Work<\/a>\n    <\/p>\n<\/li>\n<li>\n<p>\n        <a href=\"\/cybersecurity\/\">Cybersecurity<\/a>\n    <\/p>\n<\/li>\n<\/ul>\n<h6>Event &amp; Content<\/h6>\n<h3><strong>Bleibt neugierig \u2013 wir tun\u2019s auch!<\/strong><\/h3>\n<div>\n<p>F\u00fcr uns ist IT nicht nur Code und Hardware \u2013 es sind die Menschen, die damit arbeiten, die uns wichtig sind. Deshalb setzen wir auf echte Verbindungen: mit unseren Kund:innen, mit Partnern und innerhalb unseres Teams. Wir lieben den Austausch, teilen unser Wissen in Events, Webcasts und Podcasts und wachsen gemeinsam mit euch. Ihr wollt uns n\u00e4her kennenlernen? Dann taucht ein in unsere Welt.<\/p>\n<\/div>\n<p><p>\n        <a href=\"\/events\/\">Event &#038; Content entdecken <\/a>\n    <\/p>\n<\/p>\n<p><img decoding=\"async\" src=\"\/wp-content\/uploads\/2024\/12\/was-wir-so-machen.png\" alt=\"Was wir so machen Bild\"><br \/>\n<img decoding=\"async\" src=\"\/wp-content\/uploads\/2024\/12\/Karriere-Bild.png\" alt=\"Karriere Bild\"><\/p>\n<h6>Karriere<\/h6>\n<h3><strong>Du willst an Bord kommen?<\/strong><\/h3>\n<div>\n<p>Stell dir vor, du arbeitest in einem Team, das sich gegenseitig inspiriert, unterst\u00fctzt und gemeinsam auch mal \u00fcber sich selbst lacht. Wo Ideen nicht nur geh\u00f6rt, sondern umgesetzt werden. Und wo die Grenze zwischen Arbeit und Spa\u00df nicht immer klar definiert ist \u2013 aber genau das der Grund f\u00fcr herausragende Ergebnisse ist. Bewirb dich auf unsere offenen Stellen oder einfach initiativ! Wir freuen uns auf dich.<\/p>\n<\/div>\n<p><p>\n        <a href=\"\/karriere\/\">Jobs entdecken<\/a>\n    <\/p>\n<\/p>\n<p><!--more--><br \/>\n<!-- {\"type\":\"layout\",\"children\":[{\"name\":\"Hero header\",\"type\":\"section\",\"props\":{\"animation\":\"slide-left-medium\",\"animation_delay\":false,\"height\":\"section\",\"height_offset_top\":true,\"image_position\":\"center-center\",\"image_size\":\"cover\",\"style\":\"default\",\"title_breakpoint\":\"xl\",\"title_position\":\"top-left\",\"title_rotation\":\"left\",\"vertical_align\":\"middle\",\"width\":\"default\"},\"children\":[{\"type\":\"row\",\"props\":{\"column_gap\":\"large\",\"row_gap\":\"large\"},\"children\":[{\"type\":\"column\",\"props\":{\"image_position\":\"center-center\",\"position_sticky_breakpoint\":\"m\",\"vertical_align\":\"middle\"},\"children\":[{\"type\":\"headline\",\"props\":{\"animation\":\"none\",\"content\":\"\\u00dcber uns\",\"content_en_us\":\"About us\",\"margin_remove_bottom\":false,\"text_align\":\"left\",\"text_align_breakpoint\":\"m\",\"text_align_fallback\":\"center\",\"title_color\":\"secondary\",\"title_element\":\"div\",\"title_style\":\"h6\"}},{\"type\":\"headline\",\"props\":{\"animation\":\"none\",\"content\":\"<strong>Euer Lieblings-IT-Dienstleister. Sag einfach 'Moin' zu Tec Networks!<\\\/strong>\",\"content_en_us\":\"<strong>Your favorite IT service provider. Just say 'Moin' to Tec Networks!<\\\/strong>\",\"margin\":\"remove-vertical\",\"margin_remove_bottom\":true,\"margin_remove_top\":false,\"maxwidth\":\"2xlarge\",\"text_align\":\"left\",\"text_align_breakpoint\":\"m\",\"text_align_fallback\":\"center\",\"title_element\":\"h1\",\"title_font_family\":\"default\"}},{\"type\":\"fragment\",\"props\":{\"animation\":\"none\",\"margin\":\"default\"},\"children\":[{\"type\":\"row\",\"props\":{\"layout\":\"1-2,1-2\"},\"children\":[{\"type\":\"column\",\"props\":{\"image_position\":\"center-center\",\"position_sticky_breakpoint\":\"m\",\"width_medium\":\"1-2\"},\"children\":[{\"type\":\"text\",\"props\":{\"animation\":\"none\",\"column_breakpoint\":\"m\",\"content\":\"\n\n<p>Egal, ob wir mit euch an ma\\u00dfgeschneiderten Cloud-L\\u00f6sungen, cleveren Strategien oder IT-Security arbeiten \\u2013 bei uns dreht sich alles um das, was wirklich z\\u00e4hlt: Menschen, Zusammenarbeit und L\\u00f6sungen, die den Unterschied machen. Ja, wir sind Tech-Nerds, die sich gerne in Codes, Clouds und Konzepten verlieren \\u2013 aber nicht zum Selbstzweck. Unser Ziel ist es immer, die Technologie so einzusetzen, dass sie euren Job verbessert.<\\\/p>\\n\n\n<p><strong>Was uns antreibt, seid ihr \\u2013 eure Ziele, eure Visionen, euer Erfolg.<\\\/strong> <br \\\/>Wir sorgen daf\\u00fcr, dass eure IT nicht einfach \\u201el\\u00e4uft\\u201c, sondern den Turbo f\\u00fcr eure Gesch\\u00e4ftsziele z\\u00fcndet. Keine Sackgassen, keine Fehlinvestitionen, keine schlaflosen N\\u00e4chte \\u2013 daf\\u00fcr aber klare Strategien, smarte L\\u00f6sungen und ein Team, das euch den R\\u00fccken freih\\u00e4lt.<\\\/p>\",\"content_en_us\":\"\n\n<p>Whether we're working with you on customized cloud solutions, clever strategies or IT security - we're all about what really matters: People, collaboration and solutions that make a difference. Yes, we are tech nerds who like to get lost in code, clouds and concepts - but not for the sake of it. Our goal is always to use technology in a way that improves your job.<\\\/p>\\n\n\n<p><strong>What drives us is you - your goals, your visions, your success.<\\\/strong> <br \\\/>We make sure that your IT doesn't just \\u201crun\\u201d, but instead ignites the turbo for your business goals. No dead ends, no bad investments, no sleepless nights - but clear strategies, smart solutions and a team that has your back.<\\\/p>\",\"margin\":\"default\"}}]},{\"type\":\"column\",\"props\":{\"image_position\":\"center-center\",\"position_sticky_breakpoint\":\"m\",\"width_medium\":\"1-2\"},\"children\":[{\"type\":\"text\",\"props\":{\"animation\":\"none\",\"column_breakpoint\":\"m\",\"content\":\"\n\n<p><strong>Bei uns wird nicht f\\u00fcr, sondern immer mit unseren Kunden gearbeitet.<\\\/strong> <br \\\/>Ein starkes Netzwerk, gemeinsames Brainstorming und der Mut, neue Wege zu gehen, geh\\u00f6ren zu unserem Alltag. Und hoffentlich auch bald zu eurem.<\\\/p>\\n\n\n<p><strong>Wir glauben an Zusammenarbeit auf Augenh\\u00f6he.<\\\/strong> <br \\\/>Ob im Team oder mit unseren Kunden \\u2013 wir sitzen alle im selben Boot, das wir gemeinsam steuern. Und mal ehrlich, mit einem Companion an eurer Seite macht jede Reise einfach mehr Spa\\u00df.<br \\\/>\\u2028<\\\/p>\",\"content_en_us\":\"\n\n<p><strong>We don't work for our customers, we always work with them.<\\\/strong> <br \\\/>A strong network, joint brainstorming and the courage to break new ground are part of our everyday life. And hopefully soon yours too.<\\\/p>\\n\n\n<p><strong>We believe in working together as equals.<\\\/strong> <br \\\/>Whether as a team or with our customers - we are all in the same boat that we steer together. And let's be honest, every journey is simply more fun with a companion by your side.<br \\\/>\\u2028<\\\/p>\",\"margin\":\"default\"}}]}]}]}]}]}]},{\"type\":\"section\",\"props\":{\"height\":\"pixels\",\"height_viewport\":500,\"image\":\"wp-content\\\/uploads\\\/2025\\\/02\\\/header01.jpg\",\"image_position\":\"center-center\",\"image_size\":\"cover\",\"style\":\"default\",\"title_breakpoint\":\"xl\",\"title_position\":\"top-left\",\"title_rotation\":\"left\",\"vertical_align\":\"middle\",\"width\":\"default\"},\"children\":[{\"type\":\"row\",\"children\":[{\"type\":\"column\",\"props\":{\"image_position\":\"center-center\",\"position_sticky_breakpoint\":\"m\"}}]}],\"name\":\"Image\"},{\"type\":\"section\",\"props\":{\"image_position\":\"center-center\",\"style\":\"muted\",\"title_breakpoint\":\"xl\",\"title_position\":\"top-left\",\"title_rotation\":\"left\",\"vertical_align\":\"middle\",\"width\":\"default\"},\"children\":[{\"type\":\"row\",\"children\":[{\"type\":\"column\",\"props\":{\"image_position\":\"center-center\",\"position_sticky_breakpoint\":\"m\"},\"children\":[{\"type\":\"headline\",\"props\":{\"animation\":\"none\",\"content\":\"\\u00dcber uns\",\"content_en_us\":\"About us\",\"margin_remove_bottom\":false,\"text_align\":\"center\",\"text_align_breakpoint\":\"m\",\"text_align_fallback\":\"center\",\"title_color\":\"secondary\",\"title_element\":\"div\",\"title_style\":\"h6\"}},{\"type\":\"headline\",\"props\":{\"animation\":\"none\",\"block_align\":\"center\",\"content\":\"Lasst uns IT machen, die euer Business nach vorne bringt!<br \\\/>Unsere Leistungen f\\u00fcr euch.\",\"content_en_us\":\"Let us make IT that moves your business forward!<br \\\/>Our services for you.\",\"margin\":\"small\",\"margin_remove_top\":false,\"maxwidth\":\"xlarge\",\"text_align\":\"center\",\"text_align_breakpoint\":\"m\",\"text_align_fallback\":\"center\",\"title_element\":\"h1\",\"title_font_family\":\"default\"}},{\"type\":\"fragment\",\"props\":{\"margin\":\"default\"},\"children\":[{\"type\":\"row\",\"children\":[{\"type\":\"column\",\"props\":{\"image_position\":\"center-center\",\"position_sticky_breakpoint\":\"m\"},\"children\":[{\"type\":\"button\",\"props\":{\"block_align\":\"center\",\"grid_column_gap\":\"small\",\"grid_row_gap\":\"small\",\"margin\":\"default\",\"text_align\":\"center\"},\"children\":[{\"type\":\"button_item\",\"props\":{\"button_style\":\"default\",\"content\":\"Companion - IT meets Business\",\"dialog_layout\":\"modal\",\"dialog_offcanvas_flip\":true,\"icon_align\":\"left\",\"link\":\"companion\\\/\"}},{\"type\":\"button_item\",\"props\":{\"button_style\":\"default\",\"content\":\"Hybrid Work\",\"dialog_layout\":\"modal\",\"dialog_offcanvas_flip\":true,\"icon_align\":\"left\",\"link\":\"work-and-ai\\\/\"}},{\"type\":\"button_item\",\"props\":{\"button_style\":\"default\",\"content\":\"Cybersecurity\",\"dialog_layout\":\"modal\",\"dialog_offcanvas_flip\":true,\"icon_align\":\"left\",\"link\":\"cybersecurity\\\/\"}}]}]}]}]}]}],\"props\":{\"margin_remove_bottom\":false}}],\"name\":\"About us\"},{\"type\":\"section\",\"props\":{\"image_position\":\"center-center\",\"style\":\"default\",\"title_breakpoint\":\"xl\",\"title_position\":\"top-left\",\"title_rotation\":\"left\",\"vertical_align\":\"middle\",\"width\":\"default\"},\"children\":[{\"type\":\"row\",\"children\":[{\"type\":\"column\",\"props\":{\"image_position\":\"center-center\",\"position_sticky_breakpoint\":\"m\"},\"children\":[{\"type\":\"fragment\",\"props\":{\"margin\":\"default\"},\"children\":[{\"type\":\"row\",\"props\":{\"layout\":\"2-3,1-3\"},\"children\":[{\"type\":\"column\",\"props\":{\"image_position\":\"center-center\",\"position_sticky_breakpoint\":\"m\",\"width_medium\":\"2-3\"},\"children\":[{\"type\":\"headline\",\"props\":{\"content\":\"Event &amp; Content\",\"margin\":\"default\",\"margin_remove_bottom\":false,\"title_color\":\"secondary\",\"title_element\":\"h6\"}},{\"type\":\"headline\",\"props\":{\"content\":\"<strong>Bleibt neugierig \\u2013 wir tun\\u2019s auch!<\\\/strong>\",\"content_en_us\":\"<strong>Stay curious - we are too!<\\\/strong>\",\"margin_remove_top\":true,\"title_element\":\"h3\",\"title_style\":\"h2\"}},{\"type\":\"text\",\"props\":{\"column_breakpoint\":\"m\",\"content\":\"\n\n<p>F\\u00fcr uns ist IT nicht nur Code und Hardware \\u2013 es sind die Menschen, die damit arbeiten, die uns wichtig sind. Deshalb setzen wir auf echte Verbindungen: mit unseren Kund:innen, mit Partnern und innerhalb unseres Teams. Wir lieben den Austausch, teilen unser Wissen in Events, Webcasts und Podcasts und wachsen gemeinsam mit euch. Ihr wollt uns n\\u00e4her kennenlernen? Dann taucht ein in unsere Welt.<\\\/p>\",\"content_en_us\":\"\n\n<p>For us, IT is not just code and hardware - it's the people who work with it that are important to us. That's why we focus on real connections: with our customers, with partners and within our team. We love to exchange ideas, share our knowledge in events, webcasts and podcasts and grow together with you. Want to get to know us better? Then immerse yourself in our world.<\\\/p>\",\"margin\":\"default\"}},{\"type\":\"button\",\"props\":{\"grid_column_gap\":\"small\",\"grid_row_gap\":\"small\",\"margin\":\"default\"},\"children\":[{\"type\":\"button_item\",\"props\":{\"button_style\":\"default\",\"content\":\"Event & Content entdecken \",\"content_en_us\":\"Discover event & content \",\"dialog_layout\":\"modal\",\"dialog_offcanvas_flip\":true,\"icon_align\":\"left\",\"link\":\"events\\\/\"}}]}]},{\"type\":\"column\",\"props\":{\"image_position\":\"center-center\",\"position_sticky_breakpoint\":\"m\",\"width_medium\":\"1-3\"},\"children\":[{\"type\":\"image\",\"props\":{\"image\":\"wp-content\\\/uploads\\\/2024\\\/12\\\/was-wir-so-machen.png\",\"image_alt\":\"Was wir so machen Bild\",\"image_border\":\"rounded\",\"image_svg_color\":\"emphasis\",\"image_width\":400,\"margin\":\"default\",\"maxwidth\":\"large\"}}]}]}]}]}],\"props\":{\"width\":\"xlarge\"}}],\"name\":\"Event and content\"},{\"type\":\"section\",\"props\":{\"image_position\":\"center-center\",\"style\":\"default\",\"title_breakpoint\":\"xl\",\"title_position\":\"top-left\",\"title_rotation\":\"left\",\"vertical_align\":\"middle\",\"width\":\"default\"},\"children\":[{\"type\":\"row\",\"children\":[{\"type\":\"column\",\"props\":{\"image_position\":\"center-center\",\"position_sticky_breakpoint\":\"m\"},\"children\":[{\"type\":\"fragment\",\"props\":{\"margin\":\"default\"},\"children\":[{\"type\":\"row\",\"props\":{\"layout\":\"1-3,2-3\"},\"children\":[{\"type\":\"column\",\"props\":{\"image_position\":\"center-center\",\"position_sticky_breakpoint\":\"m\",\"width_medium\":\"1-3\"},\"children\":[{\"type\":\"image\",\"props\":{\"image\":\"wp-content\\\/uploads\\\/2024\\\/12\\\/Karriere-Bild.png\",\"image_alt\":\"Karriere Bild\",\"image_border\":\"rounded\",\"image_svg_color\":\"emphasis\",\"image_width\":400,\"margin\":\"default\",\"maxwidth\":\"large\"}}]},{\"type\":\"column\",\"props\":{\"image_position\":\"center-center\",\"position_sticky_breakpoint\":\"m\",\"width_medium\":\"2-3\"},\"children\":[{\"type\":\"headline\",\"props\":{\"content\":\"Karriere\",\"content_en_us\":\"Career\",\"margin\":\"default\",\"margin_remove_bottom\":false,\"title_color\":\"secondary\",\"title_element\":\"h6\"}},{\"type\":\"headline\",\"props\":{\"content\":\"<strong>Du willst an Bord kommen?<\\\/strong>\",\"content_en_us\":\"<strong>You want to come on board?<\\\/strong>\",\"margin_remove_top\":true,\"title_element\":\"h3\",\"title_style\":\"h2\"}},{\"type\":\"text\",\"props\":{\"column_breakpoint\":\"m\",\"content\":\"\n\n<p>Stell dir vor, du arbeitest in einem Team, das sich gegenseitig inspiriert, unterst\\u00fctzt und gemeinsam auch mal \\u00fcber sich selbst lacht. Wo Ideen nicht nur geh\\u00f6rt, sondern umgesetzt werden. Und wo die Grenze zwischen Arbeit und Spa\\u00df nicht immer klar definiert ist \\u2013 aber genau das der Grund f\\u00fcr herausragende Ergebnisse ist. Bewirb dich auf unsere offenen Stellen oder einfach initiativ! Wir freuen uns auf dich.<\\\/p>\",\"content_en_us\":\"\n\n<p>Imagine working in a team that inspires and supports each other and laughs at itself from time to time. Where ideas are not only heard, but implemented. And where the boundary between work and fun is not always clearly defined - but that is precisely the reason for outstanding results. Apply for our vacancies or simply send us an unsolicited application! We look forward to hearing from you.<\\\/p>\",\"margin\":\"default\"}},{\"type\":\"button\",\"props\":{\"grid_column_gap\":\"small\",\"grid_row_gap\":\"small\",\"margin\":\"default\"},\"children\":[{\"type\":\"button_item\",\"props\":{\"button_style\":\"default\",\"content\":\"Jobs entdecken\",\"content_en_us\":\"Discover jobs\",\"dialog_layout\":\"modal\",\"dialog_offcanvas_flip\":true,\"icon_align\":\"left\",\"link\":\"karriere\\\/\"}}]}]}]}]}]}]}],\"name\":\"Karriere\"}],\"version\":\"4.5.4\"} --><\/p>\n","protected":false},"excerpt":{"rendered":"<p>\u00dcber uns Euer Lieblings-IT-Dienstleister. Sag einfach &#8216;Moin&#8217; zu Tec Networks! Egal, ob wir mit euch an ma\u00dfgeschneiderten Cloud-L\u00f6sungen, cleveren Strategien oder IT-Security arbeiten \u2013 bei uns dreht sich alles um das, was wirklich z\u00e4hlt: Menschen, Zusammenarbeit und L\u00f6sungen, die den Unterschied machen. Ja, wir sind Tech-Nerds, die sich gerne in Codes, Clouds und Konzepten verlieren [&hellip;]<\/p>\n","protected":false},"author":200920383,"featured_media":0,"parent":0,"menu_order":0,"comment_status":"closed","ping_status":"open","template":"","meta":{"_seopress_robots_primary_cat":"","_seopress_titles_title":"","_seopress_titles_desc":"","_seopress_robots_index":"","footnotes":""},"class_list":["post-1","page","type-page","status-publish","hentry"],"_links":{"self":[{"href":"https:\/\/tec-networks.xyz\/en\/wp-json\/wp\/v2\/pages\/1","targetHints":{"allow":["GET"]}}],"collection":[{"href":"https:\/\/tec-networks.xyz\/en\/wp-json\/wp\/v2\/pages"}],"about":[{"href":"https:\/\/tec-networks.xyz\/en\/wp-json\/wp\/v2\/types\/page"}],"author":[{"embeddable":true,"href":"https:\/\/tec-networks.xyz\/en\/wp-json\/wp\/v2\/users\/200920383"}],"replies":[{"embeddable":true,"href":"https:\/\/tec-networks.xyz\/en\/wp-json\/wp\/v2\/comments?post=1"}],"version-history":[{"count":22,"href":"https:\/\/tec-networks.xyz\/en\/wp-json\/wp\/v2\/pages\/1\/revisions"}],"predecessor-version":[{"id":1273,"href":"https:\/\/tec-networks.xyz\/en\/wp-json\/wp\/v2\/pages\/1\/revisions\/1273"}],"wp:attachment":[{"href":"https:\/\/tec-networks.xyz\/en\/wp-json\/wp\/v2\/media?parent=1"}],"curies":[{"name":"wp","href":"https:\/\/api.w.org\/{rel}","templated":true}]}}